{"id":134,"date":"2022-01-23T10:09:54","date_gmt":"2022-01-23T10:09:54","guid":{"rendered":"https:\/\/tempclub.wprevival.com\/add-listing\/"},"modified":"2022-02-07T19:13:51","modified_gmt":"2022-02-07T19:13:51","slug":"add-listing","status":"publish","type":"page","link":"https:\/\/www.parkengo.com\/de\/add-listing\/","title":{"rendered":"Add a Listing"},"content":{"rendered":"<div data-elementor-type=\"wp-page\" data-elementor-id=\"134\" class=\"elementor elementor-134\">\n\t\t\t\t\t\t<section class=\"elementor-section elementor-top-section elementor-element elementor-element-ofbb32l elementor-section-height-min-height elementor-section-boxed elementor-section-height-default elementor-section-items-middle\" data-id=\"ofbb32l\" data-element_type=\"section\" data-settings=\"{&quot;background_background&quot;:&quot;classic&quot;}\">\n\t\t\t\t\t\t<div class=\"elementor-container elementor-column-gap-default\">\n\t\t\t\t\t<div class=\"elementor-column elementor-col-100 elementor-top-column elementor-element elementor-element-w5neot1\" data-id=\"w5neot1\" data-element_type=\"column\">\n\t\t\t<div class=\"elementor-widget-wrap elementor-element-populated\">\n\t\t\t\t\t\t<div class=\"elementor-element elementor-element-98caebe elementor-widget elementor-widget-heading\" data-id=\"98caebe\" data-element_type=\"widget\" data-widget_type=\"heading.default\">\n\t\t\t\t<div class=\"elementor-widget-container\">\n\t\t\t\t\t<h2 class=\"elementor-heading-title elementor-size-default\">Geben Sie Ihre Daten ein und pr\u00e4sentieren Sie Ihr Unternehmen<\/h2>\t\t\t\t<\/div>\n\t\t\t\t<\/div>\n\t\t\t\t<div class=\"elementor-element elementor-element-224cce8 elementor-widget elementor-widget-heading\" data-id=\"224cce8\" data-element_type=\"widget\" data-widget_type=\"heading.default\">\n\t\t\t\t<div class=\"elementor-widget-container\">\n\t\t\t\t\t<h2 class=\"elementor-heading-title elementor-size-default\">Bieten Sie Stellpl\u00e4tze f\u00fcr Wohnwagen oder Liegepl\u00e4tze an?<\/h2>\t\t\t\t<\/div>\n\t\t\t\t<\/div>\n\t\t\t\t<div class=\"elementor-element elementor-element-fjzu802 elementor-widget elementor-widget-case27-add-listing-widget\" data-id=\"fjzu802\" data-element_type=\"widget\" data-widget_type=\"case27-add-listing-widget.default\">\n\t\t\t\t<div class=\"elementor-widget-container\">\n\t\t\t\t\t\r\n\t\r\n<section class=\"i-section\">\r\n\t<div class=\"container-fluid\">\r\n\t\t<div class=\"row section-body\">\r\n\t\t\t\t\t<div class=\"col-md-6 col-sm-6 col-xs-12 ac-category\">\r\n\t\t\t\t<div class=\"cat-card\">\r\n\t\t\t\t\t<a href=\"https:\/\/www.parkengo.com\/de\/add-listing\/?listing_type=place\">\r\n\t\t\t\t\t\t<div class=\"ac-front-side face\">\r\n\t\t\t\t\t\t\t<div class=\"hovering-c\">\r\n\t\t\t\t\t\t\t\t<span class=\"cat-icon\" style=\"color: #fff; background-color: #6c1cff\">\r\n\t\t\t\t\t\t\t\t\t<i class=\"fa fa-building\"><\/i>\r\n\t\t\t\t\t\t\t\t<\/span>\r\n\t\t\t\t\t\t\t\t<span class=\"category-name\">Parkings<\/span>\r\n\t\t\t\t\t\t\t<\/div>\r\n\t\t\t\t\t\t<\/div>\r\n\t\t\t\t\t\t<div class=\"ac-back-side face\" style=\"background-color: #6c1cff\">\r\n\t\t\t\t\t\t\t<div class=\"hovering-c\">\r\n\t\t\t\t\t\t\t\t<p>Typ ausw\u00e4hlen<\/p>\r\n\t\t\t\t\t\t\t<\/div>\r\n\t\t\t\t\t\t<\/div>\r\n\t\t\t\t\t<\/a>\r\n\t\t\t\t<\/div>\r\n\t\t\t<\/div>\r\n\t\t\t\t\t<div class=\"col-md-6 col-sm-6 col-xs-12 ac-category\">\r\n\t\t\t\t<div class=\"cat-card\">\r\n\t\t\t\t\t<a href=\"https:\/\/www.parkengo.com\/de\/add-listing\/?listing_type=water-space\">\r\n\t\t\t\t\t\t<div class=\"ac-front-side face\">\r\n\t\t\t\t\t\t\t<div class=\"hovering-c\">\r\n\t\t\t\t\t\t\t\t<span class=\"cat-icon\" style=\"color: #fff; background-color: #3dc8ff\">\r\n\t\t\t\t\t\t\t\t\t<i class=\"fa fa-tint\"><\/i>\r\n\t\t\t\t\t\t\t\t<\/span>\r\n\t\t\t\t\t\t\t\t<span class=\"category-name\">Liegeplatz auf dem Wasser<\/span>\r\n\t\t\t\t\t\t\t<\/div>\r\n\t\t\t\t\t\t<\/div>\r\n\t\t\t\t\t\t<div class=\"ac-back-side face\" style=\"background-color: #3dc8ff\">\r\n\t\t\t\t\t\t\t<div class=\"hovering-c\">\r\n\t\t\t\t\t\t\t\t<p>Typ ausw\u00e4hlen<\/p>\r\n\t\t\t\t\t\t\t<\/div>\r\n\t\t\t\t\t\t<\/div>\r\n\t\t\t\t\t<\/a>\r\n\t\t\t\t<\/div>\r\n\t\t\t<\/div>\r\n\t\t\t\t<\/div>\r\n\t<\/div>\r\n<\/section>\r\n\t\t\t\t<\/div>\n\t\t\t\t<\/div>\n\t\t\t\t\t<\/div>\n\t\t<\/div>\n\t\t\t\t\t<\/div>\n\t\t<\/section>\n\t\t\t\t<\/div>","protected":false},"excerpt":{"rendered":"<p>Create a presentation What type of storage would you like to add?<\/p>","protected":false},"author":2,"featured_media":0,"parent":0,"menu_order":0,"comment_status":"closed","ping_status":"closed","template":"","meta":{"footnotes":""},"class_list":["post-134","page","type-page","status-publish","hentry"],"_links":{"self":[{"href":"https:\/\/www.parkengo.com\/de\/wp-json\/wp\/v2\/pages\/134","targetHints":{"allow":["GET"]}}],"collection":[{"href":"https:\/\/www.parkengo.com\/de\/wp-json\/wp\/v2\/pages"}],"about":[{"href":"https:\/\/www.parkengo.com\/de\/wp-json\/wp\/v2\/types\/page"}],"author":[{"embeddable":true,"href":"https:\/\/www.parkengo.com\/de\/wp-json\/wp\/v2\/users\/2"}],"replies":[{"embeddable":true,"href":"https:\/\/www.parkengo.com\/de\/wp-json\/wp\/v2\/comments?post=134"}],"version-history":[{"count":12,"href":"https:\/\/www.parkengo.com\/de\/wp-json\/wp\/v2\/pages\/134\/revisions"}],"predecessor-version":[{"id":9373,"href":"https:\/\/www.parkengo.com\/de\/wp-json\/wp\/v2\/pages\/134\/revisions\/9373"}],"wp:attachment":[{"href":"https:\/\/www.parkengo.com\/de\/wp-json\/wp\/v2\/media?parent=134"}],"curies":[{"name":"wp","href":"https:\/\/api.w.org\/{rel}","templated":true}]}}